{"id":130,"date":"2012-12-16T13:55:23","date_gmt":"2012-12-16T13:55:23","guid":{"rendered":"http:\/\/www.hotelnoordzee.info\/domburg\/?page_id=130"},"modified":"2012-12-16T13:55:23","modified_gmt":"2012-12-16T13:55:23","slug":"information","status":"publish","type":"page","link":"https:\/\/www.hotelnoordzee.info\/domburg\/de\/information\/","title":{"rendered":"Information"},"content":{"rendered":"<p>\n\t\t<style type=\"text\/css\">\n\t\t\t#gallery-1 {\n\t\t\t\tmargin: auto;\n\t\t\t}\n\t\t\t#gallery-1 .gallery-item {\n\t\t\t\tfloat: left;\n\t\t\t\tmargin-top: 10px;\n\t\t\t\ttext-align: center;\n\t\t\t\twidth: 33%;\n\t\t\t}\n\t\t\t#gallery-1 img {\n\t\t\t\tborder: 2px solid #cfcfcf;\n\t\t\t}\n\t\t\t#gallery-1 .gallery-caption {\n\t\t\t\tmargin-left: 0;\n\t\t\t}\n\t\t\t\/* see gallery_shortcode() in wp-includes\/media.php *\/\n\t\t<\/style>\n\t\t<div id='gallery-1' class='gallery galleryid-130 gallery-columns-3 gallery-size-thumbnail'><dl class='gallery-item'>\n\t\t\t<dt class='gallery-icon landscape'>\n\t\t\t\t<a data-rel=\"iLightbox[postimages]\" data-title=\"buiten_01\" data-caption=\"\" href='https:\/\/www.hotelnoordzee.info\/domburg\/wp-content\/uploads\/2012\/12\/buiten_01.jpg'><img width=\"150\" height=\"150\" src=\"https:\/\/www.hotelnoordzee.info\/domburg\/wp-content\/uploads\/2012\/12\/buiten_01-150x150.jpg\" class=\"attachment-thumbnail size-thumbnail\" alt=\"\" decoding=\"async\" srcset=\"https:\/\/www.hotelnoordzee.info\/domburg\/wp-content\/uploads\/2012\/12\/buiten_01-65x65.jpg 65w, https:\/\/www.hotelnoordzee.info\/domburg\/wp-content\/uploads\/2012\/12\/buiten_01-66x66.jpg 66w, https:\/\/www.hotelnoordzee.info\/domburg\/wp-content\/uploads\/2012\/12\/buiten_01-77x77.jpg 77w, https:\/\/www.hotelnoordzee.info\/domburg\/wp-content\/uploads\/2012\/12\/buiten_01-100x100.jpg 100w, https:\/\/www.hotelnoordzee.info\/domburg\/wp-content\/uploads\/2012\/12\/buiten_01-150x150.jpg 150w, https:\/\/www.hotelnoordzee.info\/domburg\/wp-content\/uploads\/2012\/12\/buiten_01-300x300.jpg 300w, https:\/\/www.hotelnoordzee.info\/domburg\/wp-content\/uploads\/2012\/12\/buiten_01-1024x1024.jpg 1024w, https:\/\/www.hotelnoordzee.info\/domburg\/wp-content\/uploads\/2012\/12\/buiten_01.jpg 1200w\" sizes=\"(max-width: 150px) 100vw, 150px\" \/><\/a>\n\t\t\t<\/dt><\/dl><dl class='gallery-item'>\n\t\t\t<dt class='gallery-icon landscape'>\n\t\t\t\t<a data-rel=\"iLightbox[postimages]\" data-title=\"zaal_01\" data-caption=\"\" href='https:\/\/www.hotelnoordzee.info\/domburg\/wp-content\/uploads\/2012\/12\/zaal_01.jpg'><img width=\"150\" height=\"150\" src=\"https:\/\/www.hotelnoordzee.info\/domburg\/wp-content\/uploads\/2012\/12\/zaal_01-150x150.jpg\" class=\"attachment-thumbnail size-thumbnail\" alt=\"\" decoding=\"async\" srcset=\"https:\/\/www.hotelnoordzee.info\/domburg\/wp-content\/uploads\/2012\/12\/zaal_01-65x65.jpg 65w, https:\/\/www.hotelnoordzee.info\/domburg\/wp-content\/uploads\/2012\/12\/zaal_01-66x66.jpg 66w, https:\/\/www.hotelnoordzee.info\/domburg\/wp-content\/uploads\/2012\/12\/zaal_01-150x150.jpg 150w\" sizes=\"(max-width: 150px) 100vw, 150px\" \/><\/a>\n\t\t\t<\/dt><\/dl><dl class='gallery-item'>\n\t\t\t<dt class='gallery-icon landscape'>\n\t\t\t\t<a data-rel=\"iLightbox[postimages]\" data-title=\"receptie_01\" data-caption=\"\" href='https:\/\/www.hotelnoordzee.info\/domburg\/wp-content\/uploads\/2012\/12\/receptie_01.jpg'><img width=\"150\" height=\"150\" src=\"https:\/\/www.hotelnoordzee.info\/domburg\/wp-content\/uploads\/2012\/12\/receptie_01-150x150.jpg\" class=\"attachment-thumbnail size-thumbnail\" alt=\"\" decoding=\"async\" srcset=\"https:\/\/www.hotelnoordzee.info\/domburg\/wp-content\/uploads\/2012\/12\/receptie_01-65x65.jpg 65w, https:\/\/www.hotelnoordzee.info\/domburg\/wp-content\/uploads\/2012\/12\/receptie_01-66x66.jpg 66w, https:\/\/www.hotelnoordzee.info\/domburg\/wp-content\/uploads\/2012\/12\/receptie_01-150x150.jpg 150w\" sizes=\"(max-width: 150px) 100vw, 150px\" \/><\/a>\n\t\t\t<\/dt><\/dl><br style=\"clear: both\" \/>\n\t\t<\/div>\n<br \/>\nJeden Morgen steht ein abwechslungsreiches und reichhaltiges Fr\u00fchst\u00fccksb\u00fcfett f\u00fcr Sie bereit mit einer grossen Auswahl von verschiedenen frischen Produkten.<br \/>\n\n\t\t<style type=\"text\/css\">\n\t\t\t#gallery-2 {\n\t\t\t\tmargin: auto;\n\t\t\t}\n\t\t\t#gallery-2 .gallery-item {\n\t\t\t\tfloat: left;\n\t\t\t\tmargin-top: 10px;\n\t\t\t\ttext-align: center;\n\t\t\t\twidth: 33%;\n\t\t\t}\n\t\t\t#gallery-2 img {\n\t\t\t\tborder: 2px solid #cfcfcf;\n\t\t\t}\n\t\t\t#gallery-2 .gallery-caption {\n\t\t\t\tmargin-left: 0;\n\t\t\t}\n\t\t\t\/* see gallery_shortcode() in wp-includes\/media.php *\/\n\t\t<\/style>\n\t\t<div id='gallery-2' class='gallery galleryid-130 gallery-columns-3 gallery-size-thumbnail'><dl class='gallery-item'>\n\t\t\t<dt class='gallery-icon landscape'>\n\t\t\t\t<a data-rel=\"iLightbox[postimages]\" data-title=\"ontbijt_01\" data-caption=\"\" href='https:\/\/www.hotelnoordzee.info\/domburg\/wp-content\/uploads\/2012\/12\/Ontbijt_01.jpg'><img width=\"150\" height=\"150\" src=\"https:\/\/www.hotelnoordzee.info\/domburg\/wp-content\/uploads\/2012\/12\/Ontbijt_01-150x150.jpg\" class=\"attachment-thumbnail size-thumbnail\" alt=\"\" decoding=\"async\" srcset=\"https:\/\/www.hotelnoordzee.info\/domburg\/wp-content\/uploads\/2012\/12\/Ontbijt_01-65x65.jpg 65w, https:\/\/www.hotelnoordzee.info\/domburg\/wp-content\/uploads\/2012\/12\/Ontbijt_01-66x66.jpg 66w, https:\/\/www.hotelnoordzee.info\/domburg\/wp-content\/uploads\/2012\/12\/Ontbijt_01-150x150.jpg 150w\" sizes=\"(max-width: 150px) 100vw, 150px\" \/><\/a>\n\t\t\t<\/dt><\/dl><dl class='gallery-item'>\n\t\t\t<dt class='gallery-icon landscape'>\n\t\t\t\t<a data-rel=\"iLightbox[postimages]\" data-title=\"ontbijt_02\" data-caption=\"\" href='https:\/\/www.hotelnoordzee.info\/domburg\/wp-content\/uploads\/2012\/12\/ontbijt_02.jpg'><img width=\"150\" height=\"150\" src=\"https:\/\/www.hotelnoordzee.info\/domburg\/wp-content\/uploads\/2012\/12\/ontbijt_02-150x150.jpg\" class=\"attachment-thumbnail size-thumbnail\" alt=\"\" decoding=\"async\" srcset=\"https:\/\/www.hotelnoordzee.info\/domburg\/wp-content\/uploads\/2012\/12\/ontbijt_02-65x65.jpg 65w, https:\/\/www.hotelnoordzee.info\/domburg\/wp-content\/uploads\/2012\/12\/ontbijt_02-66x66.jpg 66w, https:\/\/www.hotelnoordzee.info\/domburg\/wp-content\/uploads\/2012\/12\/ontbijt_02-150x150.jpg 150w\" sizes=\"(max-width: 150px) 100vw, 150px\" \/><\/a>\n\t\t\t<\/dt><\/dl><dl class='gallery-item'>\n\t\t\t<dt class='gallery-icon landscape'>\n\t\t\t\t<a data-rel=\"iLightbox[postimages]\" data-title=\"ontbijt_04\" data-caption=\"\" href='https:\/\/www.hotelnoordzee.info\/domburg\/wp-content\/uploads\/2012\/12\/ontbijt_04.jpg'><img width=\"150\" height=\"150\" src=\"https:\/\/www.hotelnoordzee.info\/domburg\/wp-content\/uploads\/2012\/12\/ontbijt_04-150x150.jpg\" class=\"attachment-thumbnail size-thumbnail\" alt=\"\" decoding=\"async\" srcset=\"https:\/\/www.hotelnoordzee.info\/domburg\/wp-content\/uploads\/2012\/12\/ontbijt_04-65x65.jpg 65w, https:\/\/www.hotelnoordzee.info\/domburg\/wp-content\/uploads\/2012\/12\/ontbijt_04-66x66.jpg 66w, https:\/\/www.hotelnoordzee.info\/domburg\/wp-content\/uploads\/2012\/12\/ontbijt_04-150x150.jpg 150w\" sizes=\"(max-width: 150px) 100vw, 150px\" \/><\/a>\n\t\t\t<\/dt><\/dl><br style=\"clear: both\" \/>\n\t\t<\/div>\n<\/p>\n","protected":false},"excerpt":{"rendered":"<p>Jeden Morgen steht ein abwechslungsreiches und reichhaltiges Fr\u00fchst\u00fccksb\u00fcfett f\u00fcr Sie [&hellip;]<\/p>\n","protected":false},"author":1,"featured_media":0,"parent":0,"menu_order":0,"comment_status":"closed","ping_status":"closed","template":"","meta":[],"_links":{"self":[{"href":"https:\/\/www.hotelnoordzee.info\/domburg\/de\/wp-json\/wp\/v2\/pages\/130"}],"collection":[{"href":"https:\/\/www.hotelnoordzee.info\/domburg\/de\/wp-json\/wp\/v2\/pages"}],"about":[{"href":"https:\/\/www.hotelnoordzee.info\/domburg\/de\/wp-json\/wp\/v2\/types\/page"}],"author":[{"embeddable":true,"href":"https:\/\/www.hotelnoordzee.info\/domburg\/de\/wp-json\/wp\/v2\/users\/1"}],"replies":[{"embeddable":true,"href":"https:\/\/www.hotelnoordzee.info\/domburg\/de\/wp-json\/wp\/v2\/comments?post=130"}],"version-history":[{"count":1,"href":"https:\/\/www.hotelnoordzee.info\/domburg\/de\/wp-json\/wp\/v2\/pages\/130\/revisions"}],"predecessor-version":[{"id":131,"href":"https:\/\/www.hotelnoordzee.info\/domburg\/de\/wp-json\/wp\/v2\/pages\/130\/revisions\/131"}],"wp:attachment":[{"href":"https:\/\/www.hotelnoordzee.info\/domburg\/de\/wp-json\/wp\/v2\/media?parent=130"}],"curies":[{"name":"wp","href":"https:\/\/api.w.org\/{rel}","templated":true}]}}